{"id":4567,"date":"2022-09-22T18:27:34","date_gmt":"2022-09-22T16:27:34","guid":{"rendered":"https:\/\/www.ostsee-campingplatz.de\/bungalows\/"},"modified":"2024-06-04T19:39:53","modified_gmt":"2024-06-04T17:39:53","slug":"bungalows","status":"publish","type":"page","link":"https:\/\/www.ostsee-campingplatz.de\/en\/accommodations-pitches\/bungalows\/","title":{"rendered":"13 modern bungalows"},"content":{"rendered":"<section class=\"l-section wpb_row us_custom_c0756393 en_unterseiten_intro en_intro height_auto\"><div class=\"l-section-h i-cf\"><div class=\"g-cols vc_row via_flex valign_top type_default stacking_default\"><div class=\"vc_col-sm-12 wpb_column vc_column_container\"><div class=\"vc_column-inner\"><div class=\"wpb_wrapper\"><\/div><\/div><\/div><\/div><\/div><\/section><section class=\"l-section wpb_row en_unterkunft_boxen height_medium\"><div class=\"l-section-h i-cf\"><div class=\"g-cols vc_row via_flex valign_top type_default stacking_default\"><div class=\"vc_col-sm-12 wpb_column vc_column_container\"><div class=\"vc_column-inner type_sticky\"><div class=\"wpb_wrapper\"><div class=\"g-cols wpb_row via_flex valign_top type_default stacking_default\"><div class=\"vc_col-sm-12 wpb_column vc_column_container\"><div class=\"vc_column-inner\"><div class=\"wpb_wrapper\">[vc_custom_heading text=&#8221;Choose a bungalow&#8221; font_container=&#8221;tag:h1|text_align:left&#8221; use_theme_fonts=&#8221;yes&#8221; css_animation=&#8221;none&#8221;]<div class=\"w-separator size_medium\"><\/div><div class=\"wpb_text_column\"><div class=\"wpb_wrapper\"><h3>Ausstattung unserer Bungalows:<\/h3>\n<div class=\"cols2 flexon\">\n<div>\n<ul>\n<li>Im s\u00fcdlichen Teil unseres Campingplatzes befinden sich 13 attraktive Bungalows im Schwedenhausstil.<\/li>\n<li>Die Einrichtung ist skandinavisch.<\/li>\n<li>Die Bungalows sind zwischen 30 qm (Typ 1+3) und 45 qm (Typ 2+4) gro\u00df.<\/li>\n<li>Nur in Bungalow Typ 3 ist ein Hund erlaubt.<\/li>\n<li>Die SchlafzimmerTyp 1\/3 verf\u00fcgen \u00fcber ein Doppelbett 160&#215;210 cm und Kleiderschrank, Bungalow Typ 4 hat 2 dieser Schlafzimmer,<br \/>\nBungalow Typ 2 hat ein Doppelbett 180&#215;210 cm und ein Schlafsofa im Wohnzimmer.<\/li>\n<li>Das Wohnzimmer ist eingerichtet mit einem 2er Sofa, TV und Esstisch.<\/li>\n<li>Die\u00a0offene K\u00fcche ist voll ausgestattet und in den Wohnbereich integriert, die Bungalows Typ 4 haben eine Geschirrsp\u00fclmaschine.<\/li>\n<li>Das Badezimmer verf\u00fcgt \u00fcber eine Dusche, WC und Waschbecken.<\/li>\n<li>Jeder Bungalow hat seinen eigenen Parkplatz.<\/li>\n<li>Eine sch\u00f6ne m\u00f6blierte Terrasse rundet Ihr Urlaubserlebnis ab.<\/li>\n<\/ul>\n<\/div>\n<div><\/div>\n<\/div>\n<\/div><\/div><div class=\"w-separator size_medium\"><\/div><div class=\"w-grid us_grid type_grid layout_1187 cols_1 preload_style_spinner\" id=\"us_grid_1\" style=\"--columns:1;--gap:1.5rem;\"><style>.layout_1187 .w-grid-item-h{}<\/style><div class=\"w-grid-list\">\t<article class=\"w-grid-item size_1x1 post-7975 textmodul type-textmodul status-publish format-standard hentry\" data-id=\"7975\">\r\n\t\t<div class=\"w-grid-item-h\">\r\n\t\t\t\t\t\t<div class=\"w-post-elm post_content usg_post_content_1 without_sections\">[vc_custom_heading text=&#8221;Travel Days!&#8221; use_theme_fonts=&#8221;yes&#8221;]<div class=\"wpb_text_column\"><div class=\"wpb_wrapper\"><p>Our accomodation have travel days in July\/August:<\/p>\n<ul>\n<li><a href=\"https:\/\/www.ostsee-campingplatz.de\/en\/accommodations-pitches\/bungalow-typ-1\/\">Bungalow Type 1: Fridays<\/a><\/li>\n<li><a href=\"https:\/\/www.ostsee-campingplatz.de\/en\/accommodations-pitches\/bungalow-type-2\/\">Bungalow Type 2: Thursdays<\/a><\/li>\n<li><a href=\"https:\/\/www.ostsee-campingplatz.de\/unterkuenfte-stellplaetze\/englische-wohnmobilheim-bj-93\/\">Wohnmobilheim: Thursdays<\/a><\/li>\n<li><a href=\"https:\/\/www.ostsee-campingplatz.de\/en\/accommodations-pitches\/bungalow-type-3\/\">Bungalow Type 3: sonntags<\/a><\/li>\n<li><a href=\"https:\/\/www.ostsee-campingplatz.de\/en\/accommodations-pitches\/bungalow-type-4\/\">Bungalow Typ 4: Saturdays<\/a><\/li>\n<\/ul>\n<p>Due to cleaning resource restrictions departure is on 10am and arrival not before 4pm. Sorry.<\/p>\n<\/div><\/div><div class=\"wpb_text_column\"><div class=\"wpb_wrapper\"><\/div><\/div><strong>Background:<\/strong><\/p>\n<p> <a href=\"https:\/\/www.ostsee-campingplatz.de\/en\/textmodul\/traveldays\/#more-7975\" class=\"more-link\"><span aria-label=\"Continue reading Day for arrival and departure (rentals)\">(more&hellip;)<\/span><\/a><\/p>\n<\/div>\t\t<\/div>\r\n\t\t\t<\/article>\r\n<\/div>\t<div class=\"w-grid-preloader\">\r\n\t\t<div class=\"g-preloader type_1\">\r\n\t\t\t<div><\/div>\r\n\t\t<\/div>\r\n\t<\/div>\r\n\t\t<div class=\"w-grid-json hidden\" onclick='return {&quot;action&quot;:&quot;us_ajax_grid&quot;,&quot;infinite_scroll&quot;:0,&quot;max_num_pages&quot;:1,&quot;pagination&quot;:&quot;none&quot;,&quot;template_vars&quot;:{&quot;columns&quot;:&quot;1&quot;,&quot;exclude_items&quot;:&quot;none&quot;,&quot;img_size&quot;:&quot;default&quot;,&quot;ignore_items_size&quot;:0,&quot;items_layout&quot;:&quot;1187&quot;,&quot;items_offset&quot;:&quot;1&quot;,&quot;load_animation&quot;:&quot;none&quot;,&quot;overriding_link&quot;:&quot;{\\&quot;url\\&quot;:\\&quot;\\&quot;}&quot;,&quot;post_id&quot;:0,&quot;query_args&quot;:{&quot;ignore_sticky_posts&quot;:1,&quot;post_type&quot;:&quot;any&quot;,&quot;post__in&quot;:[&quot;4003&quot;],&quot;posts_per_page&quot;:&quot;10&quot;},&quot;orderby_query_args&quot;:{&quot;orderby&quot;:{&quot;date&quot;:&quot;DESC&quot;}},&quot;type&quot;:&quot;grid&quot;,&quot;us_grid_post_type&quot;:&quot;ids&quot;,&quot;us_grid_ajax_index&quot;:1,&quot;us_grid_filter_query_string&quot;:null,&quot;us_grid_index&quot;:1,&quot;page_args&quot;:[],&quot;lang&quot;:&quot;en&quot;}}'><\/div>\r\n\t<\/div><div class=\"w-separator size_medium\"><\/div><div class=\"wpb_text_column\"><div class=\"wpb_wrapper\"><h3><strong>Besondere Bedingungen<\/strong><\/h3>\n<ul>\n<li><strong>Kaution:<\/strong> diese betr\u00e4gt 150\u20ac<\/li>\n<li><strong>Strom:<\/strong> wird abgelesen nach Z\u00e4hlerstand<br \/>\n(Bei Booking.com Buchungen inklusive).<\/li>\n<li>Max. 2 <strong>Tagesbesucher<\/strong> 9-21 Uhr sind sind <a href=\"https:\/\/www.ostsee-campingplatz.de\/preise\/\">kostenpflichtig<\/a> anzumelden (ohne Hunde). PKW m\u00fcssen kostenpflicht ausserhalb des PKW parken. Auch G\u00e4ste vom Campingplatz sind kostenpflichtig.<\/li>\n<li>Die Einrichtungen des <strong>Campingplatzes<\/strong> d\u00fcrfen gerne mitbenutzt werden.<\/li>\n<li><strong>M\u00f6bel<\/strong> d\u00fcrfen nicht umgezogen werden (bleiben also vor Ort, drinnen oder draussen).<\/li>\n<li><strong>Hunde:<\/strong> Max. 1 Hund ist im Bungalow Typ 3, im <a href=\"https:\/\/www.ostsee-campingplatz.de\/unterkuenfte-stellplaetze\/schlaffass\/\">Campingfass<\/a> oder Wohnmobilheim erlaubt. Hunde d\u00fcrfen nicht auf Schlaf- oder Sitzm\u00f6beln sitzen und liegen. Bitte eine eigene Schlafm\u00f6glichkeit f\u00fcr den Hund mitbringen.<\/li>\n<li><strong>Katze: <\/strong>Eine Katze erlauben wir nur im <a href=\"https:\/\/www.ostsee-campingplatz.de\/unterkuenfte-stellplaetze\/englische-wohnmobilheim-bj-93\/\">Wohnmobilheim<\/a>.<\/li>\n<\/ul>\n<\/div><\/div><div class=\"w-separator size_medium\"><\/div><\/div><\/div><\/div><\/div><div class=\"g-cols wpb_row via_flex valign_bottom type_default stacking_default\" style=\"--additional-gap:20px;\"><div class=\"vc_col-sm-3 vc_col-lg-3 vc_col-md-3 vc_col-xs-12 wpb_column vc_column_container en_bild_box en_schatten en_blur has_bg_color has-link\"><div class=\"vc_column-inner us_custom_e9264b74\"><div class=\"wpb_wrapper\">[vc_custom_heading text=&#8221;Bungalow Type 1&#8243; font_container=&#8221;tag:h3|text_align:left&#8221; use_theme_fonts=&#8221;yes&#8221; css=&#8221;%7B%22default%22%3A%7B%22color%22%3A%22_content_text%22%2C%22margin-bottom%22%3A%220.6rem%22%7D%7D&#8221;]<span class=\"w-text us_custom_8f0c4a68 en_unterkunft_kasten_span\"><span class=\"w-text-h\"><span class=\"w-text-value\">for 2 Persons<\/span><\/span><\/span><\/div><\/div><a href=\"https:\/\/www.ostsee-campingplatz.de\/en\/accommodations-pitches\/bungalow-typ-1\/\" class=\"vc_column-link smooth-scroll\" aria-label=\"Link\"><\/a><\/div><div class=\"vc_col-sm-3 vc_col-lg-3 vc_col-md-3 vc_col-xs-12 wpb_column vc_column_container en_bild_box en_schatten en_blur has_bg_color has-link\"><div class=\"vc_column-inner us_custom_ee53ab04\"><div class=\"wpb_wrapper\">[vc_custom_heading text=&#8221;Bungalow Type 2&#8243; font_container=&#8221;tag:h3|text_align:left&#8221; use_theme_fonts=&#8221;yes&#8221; css=&#8221;%7B%22default%22%3A%7B%22color%22%3A%22_content_text%22%2C%22margin-bottom%22%3A%220.6rem%22%7D%7D&#8221;]<span class=\"w-text us_custom_76021b75 en_unterkunft_kasten_span\"><span class=\"w-text-h\"><span class=\"w-text-value\">for max. 4 Pers. (1x sofa bed)<\/span><\/span><\/span><\/div><\/div><a title=\"\u00dcbernachten\" href=\"https:\/\/www.ostsee-campingplatz.de\/en\/accommodations-pitches\/bungalow-type-2\/\" class=\"vc_column-link smooth-scroll\"><\/a><\/div><div class=\"vc_col-sm-3 vc_col-lg-3 vc_col-md-3 vc_col-xs-12 wpb_column vc_column_container en_bild_box en_schatten en_blur has_bg_color has-link\"><div class=\"vc_column-inner us_custom_d661923e\"><div class=\"wpb_wrapper\">[vc_custom_heading text=&#8221;Bungalow Type 3&#8243; font_container=&#8221;tag:h3|text_align:left&#8221; use_theme_fonts=&#8221;yes&#8221; css=&#8221;%7B%22default%22%3A%7B%22color%22%3A%22_content_text%22%2C%22margin-bottom%22%3A%220.6rem%22%7D%7D&#8221;]<span class=\"w-text us_custom_8f0c4a68 en_unterkunft_kasten_span\"><span class=\"w-text-h\"><span class=\"w-text-value\">max. 2 Persons (1 dog allowed)<\/span><\/span><\/span><\/div><\/div><a href=\"https:\/\/www.ostsee-campingplatz.de\/en\/accommodations-pitches\/bungalow-type-3\/\" class=\"vc_column-link smooth-scroll\" aria-label=\"Link\"><\/a><\/div><div class=\"vc_col-sm-3 vc_col-lg-3 vc_col-md-3 vc_col-xs-12 wpb_column vc_column_container en_bild_box en_schatten en_blur has_bg_color has-link\"><div class=\"vc_column-inner us_custom_f08985a2\"><div class=\"wpb_wrapper\">[vc_custom_heading text=&#8221;Bungalow Type 4&#8243; font_container=&#8221;tag:h3|text_align:left&#8221; use_theme_fonts=&#8221;yes&#8221; css=&#8221;%7B%22default%22%3A%7B%22color%22%3A%22_content_text%22%2C%22margin-bottom%22%3A%220.6rem%22%7D%7D&#8221;]<span class=\"w-text us_custom_8f0c4a68 en_unterkunft_kasten_span\"><span class=\"w-text-h\"><span class=\"w-text-value\">max. 4 Persons<\/span><\/span><\/span><\/div><\/div><a href=\"https:\/\/www.ostsee-campingplatz.de\/en\/accommodations-pitches\/bungalow-type-4\/\" class=\"vc_column-link smooth-scroll\" aria-label=\"Link\"><\/a><\/div><\/div><div class=\"w-separator size_large\"><\/div><div class=\"g-cols wpb_row via_flex valign_top type_default stacking_default\"><div class=\"vc_col-sm-12 wpb_column vc_column_container\"><div class=\"vc_column-inner\"><div class=\"wpb_wrapper\">[vc_custom_heading text=&#8221;Book additionally&#8221; use_theme_fonts=&#8221;yes&#8221; css_animation=&#8221;none&#8221;]<div class=\"w-separator size_small\"><\/div><\/div><\/div><\/div><\/div><div class=\"g-cols wpb_row via_flex valign_bottom type_default stacking_default\" style=\"--additional-gap:20px;\"><div class=\"vc_col-sm-6 vc_col-lg-3 vc_col-md-3 vc_col-xs-12 wpb_column vc_column_container en_bild_box en_schatten en_blur has_bg_color has-link\"><div class=\"vc_column-inner us_custom_2e7747f4\"><div class=\"wpb_wrapper\">[vc_custom_heading text=&#8221;Sauna&#8221; font_container=&#8221;tag:h3|text_align:left&#8221; use_theme_fonts=&#8221;yes&#8221; css=&#8221;%7B%22default%22%3A%7B%22color%22%3A%22_content_text%22%2C%22margin-bottom%22%3A%220.6rem%22%7D%7D&#8221;]<span class=\"w-text us_custom_76021b75 en_unterkunft_kasten_span\"><span class=\"w-text-h\"><span class=\"w-text-value\">with forest panorama<\/span><\/span><\/span><\/div><\/div><a href=\"https:\/\/www.ostsee-campingplatz.de\/en\/wow-sauna-forrest-panorama\/\" class=\"vc_column-link smooth-scroll\" aria-label=\"Link\"><\/a><\/div><div class=\"vc_col-sm-6 vc_col-lg-3 vc_col-md-3 vc_col-xs-12 wpb_column vc_column_container en_bild_box en_schatten en_blur has_bg_color has-link\"><div class=\"vc_column-inner us_custom_8f3ed520\"><div class=\"wpb_wrapper\">[vc_custom_heading text=&#8221;Fishing at own lake&#8221; font_container=&#8221;tag:h3|text_align:left&#8221; use_theme_fonts=&#8221;yes&#8221; css=&#8221;%7B%22default%22%3A%7B%22color%22%3A%22_content_text%22%2C%22margin-bottom%22%3A%220.6rem%22%7D%7D&#8221;]<span class=\"w-text us_custom_8f0c4a68 en_unterkunft_kasten_span\"><span class=\"w-text-h\"><span class=\"w-text-value\">2 lakes with natural shore, fishing license required<\/span><\/span><\/span><\/div><\/div><a title=\"\u00dcbernachten\" href=\"\/unterkuenfte\/angeln-am-eigenen-see\/\" class=\"vc_column-link smooth-scroll\"><\/a><\/div><\/div><div class=\"w-separator size_medium\"><\/div><\/div><\/div><\/div><\/div><\/div><\/section>\n","protected":false},"excerpt":{"rendered":"[vc_custom_heading text=\"Travel Days!\" use_theme_fonts=\"yes\"]Our accomodation have travel days in July\/August: Bungalow Type 1: Fridays Bungalow Type 2: Thursdays Wohnmobilheim: Thursdays Bungalow Type 3: sonntags Bungalow Typ 4: Saturdays Due to cleaning resource restrictions departure is on 10am and arrival not before 4pm. Sorry. Background: We are only open about 5 months a year. Nevertheless, we...","protected":false},"author":5,"featured_media":0,"parent":2888,"menu_order":0,"comment_status":"closed","ping_status":"closed","template":"","meta":{"footnotes":""},"class_list":["post-4567","page","type-page","status-publish","hentry"],"_links":{"self":[{"href":"https:\/\/www.ostsee-campingplatz.de\/en\/wp-json\/wp\/v2\/pages\/4567","targetHints":{"allow":["GET"]}}],"collection":[{"href":"https:\/\/www.ostsee-campingplatz.de\/en\/wp-json\/wp\/v2\/pages"}],"about":[{"href":"https:\/\/www.ostsee-campingplatz.de\/en\/wp-json\/wp\/v2\/types\/page"}],"author":[{"embeddable":true,"href":"https:\/\/www.ostsee-campingplatz.de\/en\/wp-json\/wp\/v2\/users\/5"}],"replies":[{"embeddable":true,"href":"https:\/\/www.ostsee-campingplatz.de\/en\/wp-json\/wp\/v2\/comments?post=4567"}],"version-history":[{"count":2,"href":"https:\/\/www.ostsee-campingplatz.de\/en\/wp-json\/wp\/v2\/pages\/4567\/revisions"}],"predecessor-version":[{"id":8163,"href":"https:\/\/www.ostsee-campingplatz.de\/en\/wp-json\/wp\/v2\/pages\/4567\/revisions\/8163"}],"up":[{"embeddable":true,"href":"https:\/\/www.ostsee-campingplatz.de\/en\/wp-json\/wp\/v2\/pages\/2888"}],"wp:attachment":[{"href":"https:\/\/www.ostsee-campingplatz.de\/en\/wp-json\/wp\/v2\/media?parent=4567"}],"curies":[{"name":"wp","href":"https:\/\/api.w.org\/{rel}","templated":true}]}}